{"id":983,"date":"2025-01-10T13:18:51","date_gmt":"2025-01-10T10:18:51","guid":{"rendered":"https:\/\/azu-uffenheim.de\/votre-azu\/"},"modified":"2025-04-17T12:57:32","modified_gmt":"2025-04-17T09:57:32","slug":"votre-azu","status":"publish","type":"page","link":"https:\/\/azu-uffenheim.de\/fr\/votre-azu\/","title":{"rendered":"VOTRE AZU"},"content":{"rendered":"\n\t<section class=\"section\" id=\"section_2026227141\">\n\t\t<div class=\"bg section-bg fill bg-fill  bg-loaded\" >\n\n\t\t\t\n\t\t\t\n\t\t\t\n\n\t\t<\/div>\n\n\t\t\n\t<div class=\"ux-shape-divider ux-shape-divider--bottom ux-shape-divider--style-waves-opacity-3\">\n\t\t<svg viewBox=\"0 0 1000 300\" xmlns=\"http:\/\/www.w3.org\/2000\/svg\" preserveAspectRatio=\"none\">\n\t<path class=\"ux-shape-fill\" opacity=\"0.05\" d=\"M1014 264V386H206L34 300C34 300 344.42 277.16 436 221C542 156 590 160 704 209C811 255 899.11 214.94 979 346L1014 264Z\"\/>\n\t<path class=\"ux-shape-fill\" opacity=\"0.1\" d=\"M-302 55C-302 55 -66.73 263.25 50 214C178 160 283 116 353 141C445.68 174.1 534.28 256.19 588 249C692.9 235 764.52 75.94 855 131C940.61 183.09 1000 254 1000 254V328L-306 338L-302 55Z\"\/>\n\t<path class=\"ux-shape-fill\" opacity=\"0.15\" d=\"M-286 255C-286 255 -72 152 52 126C176 100 255 155 436 227C581.57 284.91 614.7 277.79 708 227C787 184 1009 3.0001 1093 164C1146 265.63 1031 293 1031 293L924 377L-288 389L-286 255Z\"\/>\n\t<path class=\"ux-shape-fill\" opacity=\"0.3\" d=\"M-24 69C-24 69 275.68 370.66 389 314C397 310 622 316 673 356C690.47 369.7 845 224 890 182C944.8 130.85 1018 92 1078 143C1154.12 207.7 1196 242 1196 242L1184 374L-28 386L-24 69Z\"\/>\n\t<path class=\"ux-shape-fill\" d=\"M-12 201C-12 201 58 284 182 258C306 232 342.29 221.23 456 264C565 305 640.82 288.36 721 249C776 222 837.5 191.31 935 253C984 284 1030 279 1030 279L1024 430L-12 440V201Z\"\/>\n<\/svg>\n\t<\/div>\n\n\t\t<div class=\"section-content relative\">\n\t\t\t\n\n<div class=\"row row-full-width align-middle align-center\"  id=\"row-1289328415\">\n\n\n\t<div id=\"col-836114072\" class=\"col small-12 large-12\"  >\n\t\t\t\t<div class=\"col-inner\"  >\n\t\t\t\n\t\t\t\n\n<h1 style=\"text-align: center;\"><strong><span style=\"color: #00a5de;\">VOS M\u00c9DECINS<\/span><\/strong><\/h1>\n<h1 style=\"text-align: center;\"><strong><span style=\"color: #00a5de;\"><span style=\"background-color:;\"> <\/span><\/span><span style=\"color: #00a5de;\"><span style=\"background-color: ;\">AU CENTRE <\/span><\/span><\/strong><\/h1>\n<h1 style=\"text-align: center;\"><strong><span style=\"color: #00a5de;\"><span style=\"background-color:;\"> \u00c0 UFFENHEIM <\/span><\/span><\/strong><\/h1>\n<h3 style=\"text-align: center;\"><span class=\"h3inverse aos-init aos-animate\" style=\"color: #ffffff;\" data-aos=\"fade-left\" data-aos-duration=\"1000\">Soins primaires individualis\u00e9s et professionnels<\/span><\/h3>\n\n\t\t<\/div>\n\t\t\t\t\t<\/div>\n\n\t\n\n<\/div>\n\n\t\t<\/div>\n\n\t\t\n<style>\n#section_2026227141 {\n  padding-top: 100px;\n  padding-bottom: 100px;\n  background-color: #00487b;\n}\n#section_2026227141 .ux-shape-divider--top svg {\n  height: 150px;\n  --divider-top-width: 100%;\n}\n#section_2026227141 .ux-shape-divider--bottom svg {\n  height: 150px;\n  --divider-width: 268%;\n}\n<\/style>\n\t<\/section>\n\t\n\t<section class=\"section has-parallax\" id=\"section_1775046109\">\n\t\t<div class=\"bg section-bg fill bg-fill  \" data-parallax-container=\".section\" data-parallax-background data-parallax=\"-4\">\n\n\t\t\t\n\t\t\t<div class=\"section-bg-overlay absolute fill\"><\/div>\n\t\t\t\n\n\t\t<\/div>\n\n\t\t\n\n\t\t<div class=\"section-content relative\">\n\t\t\t\n\n<div class=\"row\" style=\"max-width:80%\" id=\"row-1295070656\">\n\n\n\t<div id=\"col-1629943333\" class=\"col small-12 large-12\"  >\n\t\t\t\t<div class=\"col-inner\"  >\n\t\t\t\n\t\t\t\n\n<p><span style=\"font-size: 90%; color: #000000;\">Prot\u00e9gez-vous, ainsi que vos proches, gr\u00e2ce \u00e0 des examens r\u00e9guliers, des mesures pr\u00e9ventives et des consultations personnalis\u00e9es. Nous sommes \u00e0 vos c\u00f4t\u00e9s pour d\u00e9tecter pr\u00e9cocement les risques potentiels pour votre sant\u00e9 et \u00e9laborer des plans de pr\u00e9vention sur mesure. Nous proposons une prise en charge globale et un suivi de nombreuses pathologies afin d\u2019am\u00e9liorer et de pr\u00e9server votre sant\u00e9. Un diagnostic pr\u00e9cis est la cl\u00e9 d\u2019un traitement efficace. Nous offrons une gamme de services diagnostiques pour \u00e9tablir un diagnostic fiable et concevoir le meilleur plan de traitement possible.    <\/span><\/p>\n\n\t\t<\/div>\n\t\t\t\t\t<\/div>\n\n\t\n\n<\/div>\n\n\t\t<\/div>\n\n\t\t\n<style>\n#section_1775046109 {\n  padding-top: 100px;\n  padding-bottom: 100px;\n}\n#section_1775046109 .section-bg-overlay {\n  background-color: rgba(255, 255, 255, 0.924);\n}\n#section_1775046109 .section-bg.bg-loaded {\n  background-image: url(https:\/\/azu-uffenheim.de\/wp-content\/uploads\/2025\/01\/azu-uffenheim-interior09.jpg);\n}\n#section_1775046109 .ux-shape-divider--top svg {\n  height: 150px;\n  --divider-top-width: 100%;\n}\n#section_1775046109 .ux-shape-divider--bottom svg {\n  height: 150px;\n  --divider-width: 100%;\n}\n<\/style>\n\t<\/section>\n\t\n\n","protected":false},"excerpt":{"rendered":"","protected":false},"author":1,"featured_media":0,"parent":0,"menu_order":0,"comment_status":"closed","ping_status":"closed","template":"page-blank.php","meta":{"footnotes":""},"class_list":["post-983","page","type-page","status-publish","hentry"],"yoast_head":"<!-- This site is optimized with the Yoast SEO plugin v26.8 - https:\/\/yoast.com\/product\/yoast-seo-wordpress\/ -->\n<title>VOTRE AZU - azu-uffenheim.de<\/title>\n<meta name=\"robots\" content=\"index, follow, max-snippet:-1, max-image-preview:large, max-video-preview:-1\" \/>\n<link rel=\"canonical\" href=\"https:\/\/azu-uffenheim.de\/fr\/votre-azu\/\" \/>\n<meta property=\"og:locale\" content=\"fr_FR\" \/>\n<meta property=\"og:type\" content=\"article\" \/>\n<meta property=\"og:title\" content=\"VOTRE AZU - azu-uffenheim.de\" \/>\n<meta property=\"og:url\" content=\"https:\/\/azu-uffenheim.de\/fr\/votre-azu\/\" \/>\n<meta property=\"og:site_name\" content=\"azu-uffenheim.de\" \/>\n<meta property=\"article:modified_time\" content=\"2025-04-17T09:57:32+00:00\" \/>\n<meta property=\"og:image\" content=\"https:\/\/azu-uffenheim.de\/wp-content\/uploads\/2024\/12\/cropped-favi.png\" \/>\n\t<meta property=\"og:image:width\" content=\"512\" \/>\n\t<meta property=\"og:image:height\" content=\"512\" \/>\n\t<meta property=\"og:image:type\" content=\"image\/png\" \/>\n<meta name=\"twitter:card\" content=\"summary_large_image\" \/>\n<meta name=\"twitter:label1\" content=\"Dur\u00e9e de lecture estim\u00e9e\" \/>\n\t<meta name=\"twitter:data1\" content=\"1 minute\" \/>\n<script type=\"application\/ld+json\" class=\"yoast-schema-graph\">{\"@context\":\"https:\/\/schema.org\",\"@graph\":[{\"@type\":\"WebPage\",\"@id\":\"https:\/\/azu-uffenheim.de\/fr\/votre-azu\/\",\"url\":\"https:\/\/azu-uffenheim.de\/fr\/votre-azu\/\",\"name\":\"VOTRE AZU - azu-uffenheim.de\",\"isPartOf\":{\"@id\":\"https:\/\/azu-uffenheim.de\/#website\"},\"datePublished\":\"2025-01-10T10:18:51+00:00\",\"dateModified\":\"2025-04-17T09:57:32+00:00\",\"breadcrumb\":{\"@id\":\"https:\/\/azu-uffenheim.de\/fr\/votre-azu\/#breadcrumb\"},\"inLanguage\":\"fr-FR\",\"potentialAction\":[{\"@type\":\"ReadAction\",\"target\":[\"https:\/\/azu-uffenheim.de\/fr\/votre-azu\/\"]}]},{\"@type\":\"BreadcrumbList\",\"@id\":\"https:\/\/azu-uffenheim.de\/fr\/votre-azu\/#breadcrumb\",\"itemListElement\":[{\"@type\":\"ListItem\",\"position\":1,\"name\":\"\u0413\u043b\u0430\u0432\u043d\u0430\u044f \u0441\u0442\u0440\u0430\u043d\u0438\u0446\u0430\",\"item\":\"https:\/\/azu-uffenheim.de\/fr\/\"},{\"@type\":\"ListItem\",\"position\":2,\"name\":\"VOTRE AZU\"}]},{\"@type\":\"WebSite\",\"@id\":\"https:\/\/azu-uffenheim.de\/#website\",\"url\":\"https:\/\/azu-uffenheim.de\/\",\"name\":\"azu-uffenheim.de\",\"description\":\"IHR MEDIZINISCHES  VERSORGUNGSZENTRUM IN UFFENHEIM\",\"publisher\":{\"@id\":\"https:\/\/azu-uffenheim.de\/#organization\"},\"potentialAction\":[{\"@type\":\"SearchAction\",\"target\":{\"@type\":\"EntryPoint\",\"urlTemplate\":\"https:\/\/azu-uffenheim.de\/?s={search_term_string}\"},\"query-input\":{\"@type\":\"PropertyValueSpecification\",\"valueRequired\":true,\"valueName\":\"search_term_string\"}}],\"inLanguage\":\"fr-FR\"},{\"@type\":\"Organization\",\"@id\":\"https:\/\/azu-uffenheim.de\/#organization\",\"name\":\"ZU \u00c4RZTEZENTRUM UFFENHEIM\",\"url\":\"https:\/\/azu-uffenheim.de\/\",\"logo\":{\"@type\":\"ImageObject\",\"inLanguage\":\"fr-FR\",\"@id\":\"https:\/\/azu-uffenheim.de\/#\/schema\/logo\/image\/\",\"url\":\"https:\/\/azu-uffenheim.de\/wp-content\/uploads\/2024\/12\/AZU_Logo_Farbig.png\",\"contentUrl\":\"https:\/\/azu-uffenheim.de\/wp-content\/uploads\/2024\/12\/AZU_Logo_Farbig.png\",\"width\":3143,\"height\":532,\"caption\":\"ZU \u00c4RZTEZENTRUM UFFENHEIM\"},\"image\":{\"@id\":\"https:\/\/azu-uffenheim.de\/#\/schema\/logo\/image\/\"}}]}<\/script>\n<!-- \/ Yoast SEO plugin. -->","yoast_head_json":{"title":"VOTRE AZU - azu-uffenheim.de","robots":{"index":"index","follow":"follow","max-snippet":"max-snippet:-1","max-image-preview":"max-image-preview:large","max-video-preview":"max-video-preview:-1"},"canonical":"https:\/\/azu-uffenheim.de\/fr\/votre-azu\/","og_locale":"fr_FR","og_type":"article","og_title":"VOTRE AZU - azu-uffenheim.de","og_url":"https:\/\/azu-uffenheim.de\/fr\/votre-azu\/","og_site_name":"azu-uffenheim.de","article_modified_time":"2025-04-17T09:57:32+00:00","og_image":[{"width":512,"height":512,"url":"https:\/\/azu-uffenheim.de\/wp-content\/uploads\/2024\/12\/cropped-favi.png","type":"image\/png"}],"twitter_card":"summary_large_image","twitter_misc":{"Dur\u00e9e de lecture estim\u00e9e":"1 minute"},"schema":{"@context":"https:\/\/schema.org","@graph":[{"@type":"WebPage","@id":"https:\/\/azu-uffenheim.de\/fr\/votre-azu\/","url":"https:\/\/azu-uffenheim.de\/fr\/votre-azu\/","name":"VOTRE AZU - azu-uffenheim.de","isPartOf":{"@id":"https:\/\/azu-uffenheim.de\/#website"},"datePublished":"2025-01-10T10:18:51+00:00","dateModified":"2025-04-17T09:57:32+00:00","breadcrumb":{"@id":"https:\/\/azu-uffenheim.de\/fr\/votre-azu\/#breadcrumb"},"inLanguage":"fr-FR","potentialAction":[{"@type":"ReadAction","target":["https:\/\/azu-uffenheim.de\/fr\/votre-azu\/"]}]},{"@type":"BreadcrumbList","@id":"https:\/\/azu-uffenheim.de\/fr\/votre-azu\/#breadcrumb","itemListElement":[{"@type":"ListItem","position":1,"name":"\u0413\u043b\u0430\u0432\u043d\u0430\u044f \u0441\u0442\u0440\u0430\u043d\u0438\u0446\u0430","item":"https:\/\/azu-uffenheim.de\/fr\/"},{"@type":"ListItem","position":2,"name":"VOTRE AZU"}]},{"@type":"WebSite","@id":"https:\/\/azu-uffenheim.de\/#website","url":"https:\/\/azu-uffenheim.de\/","name":"azu-uffenheim.de","description":"IHR MEDIZINISCHES  VERSORGUNGSZENTRUM IN UFFENHEIM","publisher":{"@id":"https:\/\/azu-uffenheim.de\/#organization"},"potentialAction":[{"@type":"SearchAction","target":{"@type":"EntryPoint","urlTemplate":"https:\/\/azu-uffenheim.de\/?s={search_term_string}"},"query-input":{"@type":"PropertyValueSpecification","valueRequired":true,"valueName":"search_term_string"}}],"inLanguage":"fr-FR"},{"@type":"Organization","@id":"https:\/\/azu-uffenheim.de\/#organization","name":"ZU \u00c4RZTEZENTRUM UFFENHEIM","url":"https:\/\/azu-uffenheim.de\/","logo":{"@type":"ImageObject","inLanguage":"fr-FR","@id":"https:\/\/azu-uffenheim.de\/#\/schema\/logo\/image\/","url":"https:\/\/azu-uffenheim.de\/wp-content\/uploads\/2024\/12\/AZU_Logo_Farbig.png","contentUrl":"https:\/\/azu-uffenheim.de\/wp-content\/uploads\/2024\/12\/AZU_Logo_Farbig.png","width":3143,"height":532,"caption":"ZU \u00c4RZTEZENTRUM UFFENHEIM"},"image":{"@id":"https:\/\/azu-uffenheim.de\/#\/schema\/logo\/image\/"}}]}},"_links":{"self":[{"href":"https:\/\/azu-uffenheim.de\/fr\/wp-json\/wp\/v2\/pages\/983","targetHints":{"allow":["GET"]}}],"collection":[{"href":"https:\/\/azu-uffenheim.de\/fr\/wp-json\/wp\/v2\/pages"}],"about":[{"href":"https:\/\/azu-uffenheim.de\/fr\/wp-json\/wp\/v2\/types\/page"}],"author":[{"embeddable":true,"href":"https:\/\/azu-uffenheim.de\/fr\/wp-json\/wp\/v2\/users\/1"}],"replies":[{"embeddable":true,"href":"https:\/\/azu-uffenheim.de\/fr\/wp-json\/wp\/v2\/comments?post=983"}],"version-history":[{"count":1,"href":"https:\/\/azu-uffenheim.de\/fr\/wp-json\/wp\/v2\/pages\/983\/revisions"}],"predecessor-version":[{"id":1001,"href":"https:\/\/azu-uffenheim.de\/fr\/wp-json\/wp\/v2\/pages\/983\/revisions\/1001"}],"wp:attachment":[{"href":"https:\/\/azu-uffenheim.de\/fr\/wp-json\/wp\/v2\/media?parent=983"}],"curies":[{"name":"wp","href":"https:\/\/api.w.org\/{rel}","templated":true}]}}