{"id":1028,"date":"2025-01-03T19:30:40","date_gmt":"2025-01-03T16:30:40","guid":{"rendered":"https:\/\/azu-uffenheim.de\/wolfgang-barz\/"},"modified":"2025-01-03T19:30:40","modified_gmt":"2025-01-03T16:30:40","slug":"wolfgang-barz","status":"publish","type":"page","link":"https:\/\/azu-uffenheim.de\/fr\/wolfgang-barz\/","title":{"rendered":"Wolfgang Barz"},"content":{"rendered":"\n\n\t<section class=\"section\" id=\"section_279005997\">\n\t\t<div class=\"bg section-bg fill bg-fill  bg-loaded\" >\n\n\t\t\t\n\t\t\t\n\t\t\t\n\n\t\t<\/div>\n\n\t\t\n\t<div class=\"ux-shape-divider ux-shape-divider--bottom ux-shape-divider--style-waves-opacity-3\">\n\t\t<svg viewBox=\"0 0 1000 300\" xmlns=\"http:\/\/www.w3.org\/2000\/svg\" preserveAspectRatio=\"none\">\n\t<path class=\"ux-shape-fill\" opacity=\"0.05\" d=\"M1014 264V386H206L34 300C34 300 344.42 277.16 436 221C542 156 590 160 704 209C811 255 899.11 214.94 979 346L1014 264Z\"\/>\n\t<path class=\"ux-shape-fill\" opacity=\"0.1\" d=\"M-302 55C-302 55 -66.73 263.25 50 214C178 160 283 116 353 141C445.68 174.1 534.28 256.19 588 249C692.9 235 764.52 75.94 855 131C940.61 183.09 1000 254 1000 254V328L-306 338L-302 55Z\"\/>\n\t<path class=\"ux-shape-fill\" opacity=\"0.15\" d=\"M-286 255C-286 255 -72 152 52 126C176 100 255 155 436 227C581.57 284.91 614.7 277.79 708 227C787 184 1009 3.0001 1093 164C1146 265.63 1031 293 1031 293L924 377L-288 389L-286 255Z\"\/>\n\t<path class=\"ux-shape-fill\" opacity=\"0.3\" d=\"M-24 69C-24 69 275.68 370.66 389 314C397 310 622 316 673 356C690.47 369.7 845 224 890 182C944.8 130.85 1018 92 1078 143C1154.12 207.7 1196 242 1196 242L1184 374L-28 386L-24 69Z\"\/>\n\t<path class=\"ux-shape-fill\" d=\"M-12 201C-12 201 58 284 182 258C306 232 342.29 221.23 456 264C565 305 640.82 288.36 721 249C776 222 837.5 191.31 935 253C984 284 1030 279 1030 279L1024 430L-12 440V201Z\"\/>\n<\/svg>\n\t<\/div>\n\n\t\t<div class=\"section-content relative\">\n\t\t\t\n\n<div class=\"row\"  id=\"row-447667146\">\n\n\n\t<div id=\"col-512812767\" class=\"col small-12 large-12\"  >\n\t\t\t\t<div class=\"col-inner\"  >\n\t\t\t\n\t\t\t\n\n<h1 style=\"text-align: center;\"><strong><span style=\"color: #00a5de; font-size: 200%;\">Wolfgang Barz<\/span><\/strong><\/h1>\n\n\t\t<\/div>\n\t\t\t\t\t<\/div>\n\n\t\n\n<\/div>\n<div class=\"row align-middle align-center\" style=\"max-width:80%\" id=\"row-190389317\">\n\n\n\t<div id=\"col-328236667\" class=\"col medium-5 small-12 large-5\"  >\n\t\t\t\t<div class=\"col-inner\"  >\n\t\t\t\n\t\t\t\n\n\t<div id=\"text-1806252334\" class=\"text\">\n\t\t\n\n<p><span style=\"color: #00a5de; font-size: 90%;\">Qualifications:<\/span><\/p>\n<p><span style=\"font-size: 75%; color: #000000;\">Sp\u00e9cialiste en m\u00e9decine g\u00e9n\u00e9rale<\/span><\/p>\n<p><span style=\"font-size: 75%; color: #000000;\">Certification suppl\u00e9mentaire en m\u00e9decine palliative, m\u00e9decin urgentiste actif<\/span><\/p>\n\t\t\n<style>\n#text-1806252334 {\n  line-height: 0.95;\n}\n<\/style>\n\t<\/div>\n\t\n\n\t\t<\/div>\n\t\t\t\t\t<\/div>\n\n\t\n\n\t<div id=\"col-122261579\" class=\"col medium-6 small-12 large-6\"  >\n\t\t\t\t<div class=\"col-inner\"  >\n\t\t\t\n\t\t\t\n\n\t<div class=\"img has-hover x md-x lg-x y md-y lg-y\" id=\"image_573748138\">\n\t\t\t\t\t\t<div data-animate=\"flipInY\">\t\t<div class=\"img-inner box-shadow-5 dark\" >\n\t\t\t<img loading=\"lazy\" decoding=\"async\" width=\"1080\" height=\"1080\" src=\"https:\/\/azu-uffenheim.de\/wp-content\/uploads\/2025\/01\/Wolfgang-BarzAZU.jpg\" class=\"attachment-original size-original\" alt=\"Wolfgang Barz FACHARZT F\u00dcR ALLGEMEINMEDIZIN\" srcset=\"https:\/\/azu-uffenheim.de\/wp-content\/uploads\/2025\/01\/Wolfgang-BarzAZU.jpg 1080w, https:\/\/azu-uffenheim.de\/wp-content\/uploads\/2025\/01\/Wolfgang-BarzAZU-300x300.jpg 300w, https:\/\/azu-uffenheim.de\/wp-content\/uploads\/2025\/01\/Wolfgang-BarzAZU-1024x1024.jpg 1024w, https:\/\/azu-uffenheim.de\/wp-content\/uploads\/2025\/01\/Wolfgang-BarzAZU-150x150.jpg 150w, https:\/\/azu-uffenheim.de\/wp-content\/uploads\/2025\/01\/Wolfgang-BarzAZU-768x768.jpg 768w\" sizes=\"auto, (max-width: 1080px) 100vw, 1080px\" \/>\t\t\t\t\t\t\n\t\t\t\t\t<\/div>\n\t\t<\/div>\t\t\t\t\t\t\n<style>\n#image_573748138 {\n  width: 80%;\n}\n<\/style>\n\t<\/div>\n\t\n\n\n\t\t<\/div>\n\t\t\t\t\t<\/div>\n\n\t\n\n<\/div>\n\n\t\t<\/div>\n\n\t\t\n<style>\n#section_279005997 {\n  padding-top: 30px;\n  padding-bottom: 30px;\n}\n#section_279005997 .ux-shape-divider--top svg {\n  height: 150px;\n  --divider-top-width: 100%;\n}\n#section_279005997 .ux-shape-divider--bottom svg {\n  height: 150px;\n  --divider-width: 253%;\n}\n#section_279005997 .ux-shape-divider--bottom .ux-shape-fill {\n  fill: #00487b;\n}\n<\/style>\n\t<\/section>\n\t\n\t<section class=\"section\" id=\"section_539486087\">\n\t\t<div class=\"bg section-bg fill bg-fill  bg-loaded\" >\n\n\t\t\t\n\t\t\t\n\t\t\t\n\n\t\t<\/div>\n\n\t\t\n\n\t\t<div class=\"section-content relative\">\n\t\t\t\n\n<div class=\"row align-center\" style=\"max-width:80%\" id=\"row-755884324\">\n\n\n\t<div id=\"col-1813120276\" class=\"col medium-4 small-12 large-4\"  >\n\t\t\t\t<div class=\"col-inner\"  >\n\t\t\t\n\t\t\t\n\n\n\t\t<\/div>\n\t\t\t\t\t<\/div>\n\n\t\n\n\t<div id=\"col-2098353407\" class=\"col medium-8 small-12 large-8\"  >\n\t\t\t\t<div class=\"col-inner\"  >\n\t\t\t\n\t\t\t\n\n\t<div id=\"text-1677640000\" class=\"text\">\n\t\t\n\n<p><span style=\"font-size: 90%; color: #00a5de;\">Prestations de m\u00e9decine g\u00e9n\u00e9rale:<\/span><\/p>\n<ul>\n<li><span style=\"font-size: 75%; color: #000000;\">Suivi m\u00e9dical primaire<\/span><\/li>\n<li><span style=\"font-size: 75%; color: #000000;\">Visites \u00e0 domicile<\/span><\/li>\n<li><span style=\"font-size: 75%; color: #000000;\">Pr\u00e9paration pr\u00e9op\u00e9ratoire<\/span><\/li>\n<li><span style=\"font-size: 75%; color: #000000;\">EKG<\/span><\/li>\n<li><span style=\"font-size: 75%; color: #000000;\">Test de fonction pulmonaire<\/span><\/li>\n<li><span style=\"font-size: 75%; color: #000000;\">Surveillance de la pression art\u00e9rielle \u00e0 long terme<\/span><\/li>\n<li><span style=\"font-size: 75%; color: #000000;\">Examens sanguins<\/span><\/li>\n<li><span style=\"font-size: 75%; color: #000000;\">Soins palliatifs<\/span><\/li>\n<li><span style=\"font-size: 75%; color: #000000;\">Soins chirurgicaux des plaies<\/span><\/li>\n<\/ul>\n<p><span style=\"color: #00a5de; font-size: 90%;\">Prestations de pr\u00e9vention:<\/span><\/p>\n<ul>\n<li><span style=\"font-size: 75%; color: #000000;\">D\u00e9pistage du cancer de la peau<\/span><\/li>\n<li><span style=\"font-size: 75%; color: #000000;\">Vaccinations<\/span><\/li>\n<li><span style=\"font-size: 75%; color: #000000;\">Programmes de gestion des maladies (BPCO\/asthme, maladie coronarienne, diab\u00e8te de type 2) <\/span><\/li>\n<\/ul>\n<p><span style=\"font-size: 90%; color: #00a5de;\">Prestations de sant\u00e9 individuelles (payantes):<\/span><\/p>\n<ul>\n<li><span style=\"font-size: 75%; color: #000000;\">Conseils en m\u00e9decine de voyage<\/span><\/li>\n<li><span style=\"font-size: 75%; color: #000000;\">Conseils sur les directives anticip\u00e9es<\/span><\/li>\n<\/ul>\n\t\t\n<style>\n#text-1677640000 {\n  line-height: 0.95;\n}\n<\/style>\n\t<\/div>\n\t\n\n\t\t<\/div>\n\t\t\t\t\t<\/div>\n\n\t\n\n<\/div>\n\n\t\t<\/div>\n\n\t\t\n<style>\n#section_539486087 {\n  padding-top: 30px;\n  padding-bottom: 30px;\n}\n#section_539486087 .ux-shape-divider--top svg {\n  height: 150px;\n  --divider-top-width: 100%;\n}\n#section_539486087 .ux-shape-divider--bottom svg {\n  height: 150px;\n  --divider-width: 100%;\n}\n<\/style>\n\t<\/section>\n\t\n\n","protected":false},"excerpt":{"rendered":"","protected":false},"author":1,"featured_media":0,"parent":0,"menu_order":0,"comment_status":"closed","ping_status":"closed","template":"page-blank.php","meta":{"footnotes":""},"class_list":["post-1028","page","type-page","status-publish","hentry"],"yoast_head":"<!-- This site is optimized with the Yoast SEO plugin v27.4 - https:\/\/yoast.com\/product\/yoast-seo-wordpress\/ -->\n<title>Wolfgang Barz - azu-uffenheim.de<\/title>\n<meta name=\"description\" content=\"Qualifications:Specialist in General MedicineAdditional certification in Palliative Medicine, active emergency physicianPrimary Care Services:Primary medical careHome visitsPreoperative preparationECGLung function testLong-term blood pressure monitoringBlood testsPalliative careSurgical wound carePreventive Services:Skin cancer screeningVaccinationsDisease Management Programs (COPD\/Asthma, Coronary Heart Disease, Type 2 Diabetes)\" \/>\n<meta name=\"robots\" content=\"index, follow, max-snippet:-1, max-image-preview:large, max-video-preview:-1\" \/>\n<link rel=\"canonical\" href=\"https:\/\/azu-uffenheim.de\/fr\/wolfgang-barz\/\" \/>\n<meta property=\"og:locale\" content=\"fr_FR\" \/>\n<meta property=\"og:type\" content=\"article\" \/>\n<meta property=\"og:title\" content=\"Wolfgang Barz - azu-uffenheim.de\" \/>\n<meta property=\"og:description\" content=\"Qualifications:Specialist in General MedicineAdditional certification in Palliative Medicine, active emergency physicianPrimary Care Services:Primary medical careHome visitsPreoperative preparationECGLung function testLong-term blood pressure monitoringBlood testsPalliative careSurgical wound carePreventive Services:Skin cancer screeningVaccinationsDisease Management Programs (COPD\/Asthma, Coronary Heart Disease, Type 2 Diabetes)\" \/>\n<meta property=\"og:url\" content=\"https:\/\/azu-uffenheim.de\/fr\/wolfgang-barz\/\" \/>\n<meta property=\"og:site_name\" content=\"azu-uffenheim.de\" \/>\n<meta property=\"og:image\" content=\"https:\/\/azu-uffenheim.de\/wp-content\/uploads\/2024\/12\/cropped-favi.png\" \/>\n\t<meta property=\"og:image:width\" content=\"512\" \/>\n\t<meta property=\"og:image:height\" content=\"512\" \/>\n\t<meta property=\"og:image:type\" content=\"image\/png\" \/>\n<meta name=\"twitter:card\" content=\"summary_large_image\" \/>\n<meta name=\"twitter:label1\" content=\"Dur\u00e9e de lecture estim\u00e9e\" \/>\n\t<meta name=\"twitter:data1\" content=\"1 minute\" \/>\n<script type=\"application\/ld+json\" class=\"yoast-schema-graph\">{\"@context\":\"https:\\\/\\\/schema.org\",\"@graph\":[{\"@type\":\"WebPage\",\"@id\":\"https:\\\/\\\/azu-uffenheim.de\\\/fr\\\/wolfgang-barz\\\/\",\"url\":\"https:\\\/\\\/azu-uffenheim.de\\\/fr\\\/wolfgang-barz\\\/\",\"name\":\"Wolfgang Barz - azu-uffenheim.de\",\"isPartOf\":{\"@id\":\"https:\\\/\\\/azu-uffenheim.de\\\/#website\"},\"datePublished\":\"2025-01-03T16:30:40+00:00\",\"description\":\"Qualifications:Specialist in General MedicineAdditional certification in Palliative Medicine, active emergency physicianPrimary Care Services:Primary medical careHome visitsPreoperative preparationECGLung function testLong-term blood pressure monitoringBlood testsPalliative careSurgical wound carePreventive Services:Skin cancer screeningVaccinationsDisease Management Programs (COPD\\\/Asthma, Coronary Heart Disease, Type 2 Diabetes)\",\"breadcrumb\":{\"@id\":\"https:\\\/\\\/azu-uffenheim.de\\\/fr\\\/wolfgang-barz\\\/#breadcrumb\"},\"inLanguage\":\"fr-FR\",\"potentialAction\":[{\"@type\":\"ReadAction\",\"target\":[\"https:\\\/\\\/azu-uffenheim.de\\\/fr\\\/wolfgang-barz\\\/\"]}]},{\"@type\":\"BreadcrumbList\",\"@id\":\"https:\\\/\\\/azu-uffenheim.de\\\/fr\\\/wolfgang-barz\\\/#breadcrumb\",\"itemListElement\":[{\"@type\":\"ListItem\",\"position\":1,\"name\":\"\u0413\u043b\u0430\u0432\u043d\u0430\u044f \u0441\u0442\u0440\u0430\u043d\u0438\u0446\u0430\",\"item\":\"https:\\\/\\\/azu-uffenheim.de\\\/fr\\\/\"},{\"@type\":\"ListItem\",\"position\":2,\"name\":\"Wolfgang Barz\"}]},{\"@type\":\"WebSite\",\"@id\":\"https:\\\/\\\/azu-uffenheim.de\\\/#website\",\"url\":\"https:\\\/\\\/azu-uffenheim.de\\\/\",\"name\":\"azu-uffenheim.de\",\"description\":\"IHR MEDIZINISCHES  VERSORGUNGSZENTRUM IN UFFENHEIM\",\"publisher\":{\"@id\":\"https:\\\/\\\/azu-uffenheim.de\\\/#organization\"},\"potentialAction\":[{\"@type\":\"SearchAction\",\"target\":{\"@type\":\"EntryPoint\",\"urlTemplate\":\"https:\\\/\\\/azu-uffenheim.de\\\/?s={search_term_string}\"},\"query-input\":{\"@type\":\"PropertyValueSpecification\",\"valueRequired\":true,\"valueName\":\"search_term_string\"}}],\"inLanguage\":\"fr-FR\"},{\"@type\":\"Organization\",\"@id\":\"https:\\\/\\\/azu-uffenheim.de\\\/#organization\",\"name\":\"ZU \u00c4RZTEZENTRUM UFFENHEIM\",\"url\":\"https:\\\/\\\/azu-uffenheim.de\\\/\",\"logo\":{\"@type\":\"ImageObject\",\"inLanguage\":\"fr-FR\",\"@id\":\"https:\\\/\\\/azu-uffenheim.de\\\/#\\\/schema\\\/logo\\\/image\\\/\",\"url\":\"https:\\\/\\\/azu-uffenheim.de\\\/wp-content\\\/uploads\\\/2024\\\/12\\\/AZU_Logo_Farbig.png\",\"contentUrl\":\"https:\\\/\\\/azu-uffenheim.de\\\/wp-content\\\/uploads\\\/2024\\\/12\\\/AZU_Logo_Farbig.png\",\"width\":3143,\"height\":532,\"caption\":\"ZU \u00c4RZTEZENTRUM UFFENHEIM\"},\"image\":{\"@id\":\"https:\\\/\\\/azu-uffenheim.de\\\/#\\\/schema\\\/logo\\\/image\\\/\"}}]}<\/script>\n<!-- \/ Yoast SEO plugin. -->","yoast_head_json":{"title":"Wolfgang Barz - azu-uffenheim.de","description":"Qualifications:Specialist in General MedicineAdditional certification in Palliative Medicine, active emergency physicianPrimary Care Services:Primary medical careHome visitsPreoperative preparationECGLung function testLong-term blood pressure monitoringBlood testsPalliative careSurgical wound carePreventive Services:Skin cancer screeningVaccinationsDisease Management Programs (COPD\/Asthma, Coronary Heart Disease, Type 2 Diabetes)","robots":{"index":"index","follow":"follow","max-snippet":"max-snippet:-1","max-image-preview":"max-image-preview:large","max-video-preview":"max-video-preview:-1"},"canonical":"https:\/\/azu-uffenheim.de\/fr\/wolfgang-barz\/","og_locale":"fr_FR","og_type":"article","og_title":"Wolfgang Barz - azu-uffenheim.de","og_description":"Qualifications:Specialist in General MedicineAdditional certification in Palliative Medicine, active emergency physicianPrimary Care Services:Primary medical careHome visitsPreoperative preparationECGLung function testLong-term blood pressure monitoringBlood testsPalliative careSurgical wound carePreventive Services:Skin cancer screeningVaccinationsDisease Management Programs (COPD\/Asthma, Coronary Heart Disease, Type 2 Diabetes)","og_url":"https:\/\/azu-uffenheim.de\/fr\/wolfgang-barz\/","og_site_name":"azu-uffenheim.de","og_image":[{"width":512,"height":512,"url":"https:\/\/azu-uffenheim.de\/wp-content\/uploads\/2024\/12\/cropped-favi.png","type":"image\/png"}],"twitter_card":"summary_large_image","twitter_misc":{"Dur\u00e9e de lecture estim\u00e9e":"1 minute"},"schema":{"@context":"https:\/\/schema.org","@graph":[{"@type":"WebPage","@id":"https:\/\/azu-uffenheim.de\/fr\/wolfgang-barz\/","url":"https:\/\/azu-uffenheim.de\/fr\/wolfgang-barz\/","name":"Wolfgang Barz - azu-uffenheim.de","isPartOf":{"@id":"https:\/\/azu-uffenheim.de\/#website"},"datePublished":"2025-01-03T16:30:40+00:00","description":"Qualifications:Specialist in General MedicineAdditional certification in Palliative Medicine, active emergency physicianPrimary Care Services:Primary medical careHome visitsPreoperative preparationECGLung function testLong-term blood pressure monitoringBlood testsPalliative careSurgical wound carePreventive Services:Skin cancer screeningVaccinationsDisease Management Programs (COPD\/Asthma, Coronary Heart Disease, Type 2 Diabetes)","breadcrumb":{"@id":"https:\/\/azu-uffenheim.de\/fr\/wolfgang-barz\/#breadcrumb"},"inLanguage":"fr-FR","potentialAction":[{"@type":"ReadAction","target":["https:\/\/azu-uffenheim.de\/fr\/wolfgang-barz\/"]}]},{"@type":"BreadcrumbList","@id":"https:\/\/azu-uffenheim.de\/fr\/wolfgang-barz\/#breadcrumb","itemListElement":[{"@type":"ListItem","position":1,"name":"\u0413\u043b\u0430\u0432\u043d\u0430\u044f \u0441\u0442\u0440\u0430\u043d\u0438\u0446\u0430","item":"https:\/\/azu-uffenheim.de\/fr\/"},{"@type":"ListItem","position":2,"name":"Wolfgang Barz"}]},{"@type":"WebSite","@id":"https:\/\/azu-uffenheim.de\/#website","url":"https:\/\/azu-uffenheim.de\/","name":"azu-uffenheim.de","description":"IHR MEDIZINISCHES  VERSORGUNGSZENTRUM IN UFFENHEIM","publisher":{"@id":"https:\/\/azu-uffenheim.de\/#organization"},"potentialAction":[{"@type":"SearchAction","target":{"@type":"EntryPoint","urlTemplate":"https:\/\/azu-uffenheim.de\/?s={search_term_string}"},"query-input":{"@type":"PropertyValueSpecification","valueRequired":true,"valueName":"search_term_string"}}],"inLanguage":"fr-FR"},{"@type":"Organization","@id":"https:\/\/azu-uffenheim.de\/#organization","name":"ZU \u00c4RZTEZENTRUM UFFENHEIM","url":"https:\/\/azu-uffenheim.de\/","logo":{"@type":"ImageObject","inLanguage":"fr-FR","@id":"https:\/\/azu-uffenheim.de\/#\/schema\/logo\/image\/","url":"https:\/\/azu-uffenheim.de\/wp-content\/uploads\/2024\/12\/AZU_Logo_Farbig.png","contentUrl":"https:\/\/azu-uffenheim.de\/wp-content\/uploads\/2024\/12\/AZU_Logo_Farbig.png","width":3143,"height":532,"caption":"ZU \u00c4RZTEZENTRUM UFFENHEIM"},"image":{"@id":"https:\/\/azu-uffenheim.de\/#\/schema\/logo\/image\/"}}]}},"_links":{"self":[{"href":"https:\/\/azu-uffenheim.de\/fr\/wp-json\/wp\/v2\/pages\/1028","targetHints":{"allow":["GET"]}}],"collection":[{"href":"https:\/\/azu-uffenheim.de\/fr\/wp-json\/wp\/v2\/pages"}],"about":[{"href":"https:\/\/azu-uffenheim.de\/fr\/wp-json\/wp\/v2\/types\/page"}],"author":[{"embeddable":true,"href":"https:\/\/azu-uffenheim.de\/fr\/wp-json\/wp\/v2\/users\/1"}],"replies":[{"embeddable":true,"href":"https:\/\/azu-uffenheim.de\/fr\/wp-json\/wp\/v2\/comments?post=1028"}],"version-history":[{"count":0,"href":"https:\/\/azu-uffenheim.de\/fr\/wp-json\/wp\/v2\/pages\/1028\/revisions"}],"wp:attachment":[{"href":"https:\/\/azu-uffenheim.de\/fr\/wp-json\/wp\/v2\/media?parent=1028"}],"curies":[{"name":"wp","href":"https:\/\/api.w.org\/{rel}","templated":true}]}}