{"id":1018,"date":"2024-12-16T16:48:48","date_gmt":"2024-12-16T13:48:48","guid":{"rendered":"https:\/\/azu-uffenheim.de\/leistungen\/"},"modified":"2024-12-16T16:48:48","modified_gmt":"2024-12-16T13:48:48","slug":"leistungen","status":"publish","type":"page","link":"https:\/\/azu-uffenheim.de\/fr\/leistungen\/","title":{"rendered":"LEISTUNGEN"},"content":{"rendered":"\n\n\t<section class=\"section\" id=\"section_1544928093\">\n\t\t<div class=\"bg section-bg fill bg-fill  bg-loaded\" >\n\n\t\t\t\n\t\t\t\n\t\t\t\n\n\t\t<\/div>\n\n\t\t\t<div class=\"ux-shape-divider ux-shape-divider--top ux-shape-divider--style-waves-opacity-3\">\n\t\t<svg viewBox=\"0 0 1000 300\" xmlns=\"http:\/\/www.w3.org\/2000\/svg\" preserveAspectRatio=\"none\">\n\t<path class=\"ux-shape-fill\" opacity=\"0.05\" d=\"M1014 264V386H206L34 300C34 300 344.42 277.16 436 221C542 156 590 160 704 209C811 255 899.11 214.94 979 346L1014 264Z\"\/>\n\t<path class=\"ux-shape-fill\" opacity=\"0.1\" d=\"M-302 55C-302 55 -66.73 263.25 50 214C178 160 283 116 353 141C445.68 174.1 534.28 256.19 588 249C692.9 235 764.52 75.94 855 131C940.61 183.09 1000 254 1000 254V328L-306 338L-302 55Z\"\/>\n\t<path class=\"ux-shape-fill\" opacity=\"0.15\" d=\"M-286 255C-286 255 -72 152 52 126C176 100 255 155 436 227C581.57 284.91 614.7 277.79 708 227C787 184 1009 3.0001 1093 164C1146 265.63 1031 293 1031 293L924 377L-288 389L-286 255Z\"\/>\n\t<path class=\"ux-shape-fill\" opacity=\"0.3\" d=\"M-24 69C-24 69 275.68 370.66 389 314C397 310 622 316 673 356C690.47 369.7 845 224 890 182C944.8 130.85 1018 92 1078 143C1154.12 207.7 1196 242 1196 242L1184 374L-28 386L-24 69Z\"\/>\n\t<path class=\"ux-shape-fill\" d=\"M-12 201C-12 201 58 284 182 258C306 232 342.29 221.23 456 264C565 305 640.82 288.36 721 249C776 222 837.5 191.31 935 253C984 284 1030 279 1030 279L1024 430L-12 440V201Z\"\/>\n<\/svg>\n\t<\/div>\n\n\t<div class=\"ux-shape-divider ux-shape-divider--bottom ux-shape-divider--style-waves-opacity-3\">\n\t\t<svg viewBox=\"0 0 1000 300\" xmlns=\"http:\/\/www.w3.org\/2000\/svg\" preserveAspectRatio=\"none\">\n\t<path class=\"ux-shape-fill\" opacity=\"0.05\" d=\"M1014 264V386H206L34 300C34 300 344.42 277.16 436 221C542 156 590 160 704 209C811 255 899.11 214.94 979 346L1014 264Z\"\/>\n\t<path class=\"ux-shape-fill\" opacity=\"0.1\" d=\"M-302 55C-302 55 -66.73 263.25 50 214C178 160 283 116 353 141C445.68 174.1 534.28 256.19 588 249C692.9 235 764.52 75.94 855 131C940.61 183.09 1000 254 1000 254V328L-306 338L-302 55Z\"\/>\n\t<path class=\"ux-shape-fill\" opacity=\"0.15\" d=\"M-286 255C-286 255 -72 152 52 126C176 100 255 155 436 227C581.57 284.91 614.7 277.79 708 227C787 184 1009 3.0001 1093 164C1146 265.63 1031 293 1031 293L924 377L-288 389L-286 255Z\"\/>\n\t<path class=\"ux-shape-fill\" opacity=\"0.3\" d=\"M-24 69C-24 69 275.68 370.66 389 314C397 310 622 316 673 356C690.47 369.7 845 224 890 182C944.8 130.85 1018 92 1078 143C1154.12 207.7 1196 242 1196 242L1184 374L-28 386L-24 69Z\"\/>\n\t<path class=\"ux-shape-fill\" d=\"M-12 201C-12 201 58 284 182 258C306 232 342.29 221.23 456 264C565 305 640.82 288.36 721 249C776 222 837.5 191.31 935 253C984 284 1030 279 1030 279L1024 430L-12 440V201Z\"\/>\n<\/svg>\n\t<\/div>\n\n\t\t<div class=\"section-content relative\">\n\t\t\t\n\n<div class=\"row\"  id=\"row-2054791838\">\n\n\n\t<div id=\"col-1960487670\" class=\"col small-12 large-12\"  >\n\t\t\t\t<div class=\"col-inner\"  >\n\t\t\t\n\t\t\t\n\n<h1 style=\"text-align: center;\"><strong><span style=\"color: #00a5de;\">NOS PRESTATIONS AU CENTRE M\u00c9DICAL AZU UFFENHEIM<\/span><\/strong><\/h1>\n\n\t\t<\/div>\n\t\t\t\t\t<\/div>\n\n\t\n\n<\/div>\n<div class=\"row\"  id=\"row-883066596\">\n\n\n\t<div id=\"col-760596140\" class=\"col small-12 large-12\"  >\n\t\t\t\t<div class=\"col-inner\"  >\n\t\t\t\n\t\t\t\n\n<p><span style=\"font-size: 90%; color: #00a5de;\">Prestations de m\u00e9decine g\u00e9n\u00e9rale:<\/span><\/p>\n<ul>\n<li><span style=\"font-size: 75%; color: #000000;\">Suivi et soins m\u00e9dicaux primaires<\/span><\/li>\n<li><span style=\"font-size: 75%; color: #000000;\">Visites \u00e0 domicile<\/span><\/li>\n<li><span style=\"font-size: 75%; color: #000000;\">Soins psychosomatiques de base<\/span><\/li>\n<li><span style=\"font-size: 75%; color: #000000;\">Traitement des plaies chroniques<\/span><\/li>\n<li><span style=\"font-size: 75%; color: #000000;\">Pr\u00e9paration pr\u00e9op\u00e9ratoire<\/span><\/li>\n<li><span style=\"font-size: 75%; color: #000000;\">Diagnostic, traitement et suivi des patients atteints de diab\u00e8te de type 1 et type 2<\/span><\/li>\n<li><span style=\"font-size: 75%; color: #000000;\">Ajustement des m\u00e9dicaments<\/span><\/li>\n<li><span style=\"font-size: 75%; color: #000000;\">Initiation ou ajustement de l\u2019insulinoth\u00e9rapie<\/span><\/li>\n<li><span style=\"font-size: 75%; color: #000000;\">EKG<\/span><\/li>\n<li><span style=\"font-size: 75%; color: #000000;\">ECG d\u2019effort<\/span><\/li>\n<li><span style=\"font-size: 75%; color: #000000;\">ECG sur 24 heures<\/span><\/li>\n<li><span style=\"font-size: 75%; color: #000000;\">Mesure de la pression art\u00e9rielle sur 24 heures<\/span><\/li>\n<li><span style=\"font-size: 75%; color: #000000;\">Test de fonction pulmonaire<\/span><\/li>\n<li><span style=\"font-size: 75%; color: #000000;\">Soins palliatifs<\/span><\/li>\n<li><span style=\"font-size: 75%; color: #000000;\">Soins chirurgicaux des plaies<\/span><\/li>\n<li><span style=\"font-size: 75%; color: #000000;\">\u00c9chographie des organes abdominaux, de la thyro\u00efde et des gros vais Pets\u2019 care<\/span><\/li>\n<li><span style=\"font-size: 75%; color: #000000;\">Examens sanguins, certains param\u00e8tres d\u2019urgence pouvant \u00eatre d\u00e9termin\u00e9s en quelques minutes dans notre cabinet<\/span><\/li>\n<li><span style=\"font-size: 75%; color: #000000;\">D\u00e9termination de l\u2019indice cheville-bras (ICB)<\/span><\/li>\n<\/ul>\n<p><span style=\"color: #00a5de; font-size: 90%;\">Prestations de pr\u00e9vention:<\/span><\/p>\n<ul>\n<li><span style=\"font-size: 75%; color: #000000;\">Bilan de sant\u00e9 et examens pr\u00e9ventifs \u00e0 partir de 35 ans<\/span><\/li>\n<li><span style=\"font-size: 75%; color: #000000;\">D\u00e9pistage du cancer<\/span><\/li>\n<li><span style=\"font-size: 75%; color: #000000;\">D\u00e9pistage du cancer de la peau<\/span><\/li>\n<li><span style=\"font-size: 75%; color: #000000;\">Vaccinations (uniquement sur rendez-vous)<\/span><\/li>\n<li><span style=\"font-size: 75%; color: #000000;\">Programmes de gestion des maladies (BPCO\/asthme, maladie coronarienne, diab\u00e8te de type 1 et 2)<\/span><\/li>\n<li><span style=\"font-size: 75%; color: #000000;\">J1 \u2013 Examen et conseil pour les adolescents<\/span><\/li>\n<li><span style=\"font-size: 75%; color: #000000;\"> J2 \u2013 Examen pr\u00e9ventif pour les adolescents<\/span><\/li>\n<li><span style=\"font-size: 75%; color: #000000;\">Conseils de sant\u00e9<\/span><\/li>\n<\/ul>\n<p><span style=\"font-size: 90%; color: #00a5de;\">Soins d\u2019urgence:<\/span><\/p>\n<ul>\n<li><span style=\"font-size: 75%; color: #000000;\">Soins m\u00e9dicaux d\u2019urgence<\/span><\/li>\n<li><span style=\"font-size: 75%; color: #000000;\">Soins chirurgicaux des plaies, y compris suture, retrait de corps \u00e9trangers et drainage d\u2019abc\u00e8s<\/span><\/li>\n<li><span style=\"font-size: 75%; color: #000000;\">\u00c9chographie en urgence (exclusion des l\u00e9sions organiques, localisation de corps \u00e9trangers profonds dans la peau, visualisation \u00e9chographique des abc\u00e8s)<\/span><\/li>\n<li><span style=\"font-size: 75%; color: #000000;\">Diagnostic rapide des infarctus du myocarde, thromboses, embolies pulmonaires et infections bact\u00e9riennes gr\u00e2ce \u00e0 un laboratoire Point of Care<\/span><\/li>\n<\/ul>\n<p><span style=\"font-size: 90%; color: #00aae7;\">Prestations de sant\u00e9 individuelles (payantes):<\/span><\/p>\n<ul>\n<li><span style=\"font-size: 75%; color: #000000;\">Conseils en m\u00e9decine de voyage<\/span><\/li>\n<li><span style=\"font-size: 75%; color: #000000;\">Conseils sur les directives anticip\u00e9es<\/span><\/li>\n<li><span style=\"font-size: 75%; color: #000000;\">Cr\u00e9ation d\u2019une trousse m\u00e9dicale de voyage avec ordonnance priv\u00e9e<br><\/span><span style=\"font-size: 75%; color: #000000;\">Conseils sur les vaccinations de voyage<\/span><\/li>\n<li><span style=\"font-size: 75%; color: #000000;\">Conseils en m\u00e9decine alpine<\/span><\/li>\n<li><span style=\"font-size: 75%; color: #000000;\">Examens de sant\u00e9 approfondis sur demande, y compris pour les moins de 35 ans<\/span><\/li>\n<li><span style=\"font-size: 75%; color: #000000;\">Diagnostic de performance ergom\u00e9trique<\/span><\/li>\n<li><span style=\"font-size: 75%; color: #000000;\">Mesure \u00e9chographique de l\u2019\u00e9paisseur intima-m\u00e9dia<\/span><\/li>\n<\/ul>\n<div class=\"is-divider divider clearfix\" style=\"max-width:100%;height:10px;background-color:rgb(0, 72, 123);\"><\/div>\n\n\n\t\t<\/div>\n\t\t\t\t\t<\/div>\n\n\t\n\n<\/div>\n<div class=\"row\"  id=\"row-1413191991\">\n\n\n\t<div id=\"col-1485563636\" class=\"col small-12 large-12\"  >\n\t\t\t\t<div class=\"col-inner\"  >\n\t\t\t\n\t\t\t\n\n<h3 style=\"text-align: center;\"><strong><span class=\"h3inverse aos-init aos-animate\" style=\"color: #00487b; background-color: ;\" data-aos=\"fade-left\" data-aos-duration=\"1000\"> PR\u00c9VENTION <\/span><\/strong><\/h3>\n<div class=\"row align-middle\"  id=\"row-1413432864\">\n\n\n\t<div id=\"col-1301441904\" class=\"col medium-4 small-12 large-4\"  data-animate=\"flipInY\">\n\t\t\t\t<div class=\"col-inner\"  >\n\t\t\t\n\t\t\t\n\n\t<div class=\"img has-hover x md-x lg-x y md-y lg-y\" id=\"image_2066487012\">\n\t\t\t\t\t\t\t\t<div class=\"img-inner dark\" >\n\t\t\t<img loading=\"lazy\" decoding=\"async\" width=\"512\" height=\"512\" src=\"https:\/\/azu-uffenheim.de\/wp-content\/uploads\/2024\/12\/icon00002.png\" class=\"attachment-original size-original\" alt=\"icons\" srcset=\"https:\/\/azu-uffenheim.de\/wp-content\/uploads\/2024\/12\/icon00002.png 512w, https:\/\/azu-uffenheim.de\/wp-content\/uploads\/2024\/12\/icon00002-300x300.png 300w, https:\/\/azu-uffenheim.de\/wp-content\/uploads\/2024\/12\/icon00002-150x150.png 150w\" sizes=\"auto, (max-width: 512px) 100vw, 512px\" \/>\t\t\t\t\t\t\n\t\t\t\t\t<\/div>\n\t\t\t\t\t\t\t\t\n<style>\n#image_2066487012 {\n  width: 100%;\n}\n<\/style>\n\t<\/div>\n\t\n\n\n\t\t<\/div>\n\t\t\t\t\t<\/div>\n\n\t\n\n\t<div id=\"col-105536549\" class=\"col medium-8 small-12 large-8\"  >\n\t\t\t\t<div class=\"col-inner\"  >\n\t\t\t\n\t\t\t\n\n<p data-pm-slice=\"1 1 &#091;&#093;\"><span style=\"font-size: 75%; color: #000000;\">La pr\u00e9vention est la meilleure m\u00e9decine ! Prot\u00e9gez-vous et vos proches gr\u00e2ce \u00e0 des examens r\u00e9guliers, des mesures pr\u00e9ventives et des consultations personnalis\u00e9es. Nous sommes \u00e0 vos c\u00f4t\u00e9s pour d\u00e9tecter pr\u00e9cocement les risques potentiels pour votre sant\u00e9 et \u00e9laborer des plans de pr\u00e9vention sur mesure.  <\/span><\/p>\n<p><strong><span style=\"font-size: 75%; color: #00aae7;\">Bilan de sant\u00e9 <\/span><\/strong><\/p>\n<p><span style=\"font-size: 75%; color: #000000;\">Le bilan de sant\u00e9 est un examen complet visant \u00e0 d\u00e9tecter et traiter pr\u00e9cocement les maladies. Ce bilan est recommand\u00e9 tous les trois ans pour tous les patients \u00e2g\u00e9s de 35 ans et plus, et tous les deux ans pour les patients HZV. <\/span><\/p>\n<p><strong><span style=\"font-size: 75%; color: #00aae7;\">Vaccinations <\/span><\/strong><\/p>\n<p><span style=\"font-size: 75%; color: #000000;\">Les vaccinations sont une mesure importante pour pr\u00e9venir les maladies infectieuses. Nous vous conseillons volontiers sur les vaccinations recommand\u00e9es et les r\u00e9alisons dans notre cabinet. Aucun rendez-vous n\u2019est requis pour les vaccinations\u2014passez simplement pendant les heures de consultation.   <\/span><\/p>\n\n\t\t<\/div>\n\t\t\t\t\t<\/div>\n\n\t\n\n<\/div>\n<div class=\"is-divider divider clearfix\" style=\"max-width:100%;height:10px;background-color:rgb(0, 72, 123);\"><\/div>\n\n<div class=\"row\"  id=\"row-1638884114\">\n\n\n\t<div id=\"col-1284910549\" class=\"col small-12 large-12\"  >\n\t\t\t\t<div class=\"col-inner\"  >\n\t\t\t\n\t\t\t\n\n<h3 style=\"text-align: center;\"><strong><span class=\"h3inverse aos-init aos-animate\" style=\"color: #00487b; background-color: ;\" data-aos=\"fade-left\" data-aos-duration=\"1000\"> DIAGNOSTIC <\/span><\/strong><\/h3>\n<div class=\"row align-middle\"  id=\"row-880911704\">\n\n\n\t<div id=\"col-1566979953\" class=\"col medium-8 small-12 large-8\"  >\n\t\t\t\t<div class=\"col-inner\"  >\n\t\t\t\n\t\t\t\n\n<p><span style=\"font-size: 75%; color: #000000;\">Dans notre centre m\u00e9dical, nous proposons un diagnostic complet bas\u00e9 sur une technologie m\u00e9dicale de pointe, adapt\u00e9 \u00e0 vos besoins individuels. Nos m\u00e9decins sp\u00e9cialis\u00e9s r\u00e9alisent des examens pour d\u00e9tecter pr\u00e9cocement les maladies et garantir le meilleur traitement possible. Nous adoptons une approche holistique de votre sant\u00e9 pour poser un diagnostic pr\u00e9cis.  <\/span><\/p>\n<p><span style=\"font-size: 75%; color: #000000;\">Nos prestations diagnostiques incluent, entre autres, des analyses sanguines, des \u00e9chographies, des ECG et de nombreuses autres proc\u00e9dures modernes. Gr\u00e2ce \u00e0 l\u2019utilisation de technologies innovantes, nous garantissons des r\u00e9sultats rapides et fiables. <\/span><\/p>\n\n\t\t<\/div>\n\t\t\t\t\t<\/div>\n\n\t\n\n\t<div id=\"col-456647092\" class=\"col medium-4 small-12 large-4 small-col-first\"  data-animate=\"flipInY\">\n\t\t\t\t<div class=\"col-inner\"  >\n\t\t\t\n\t\t\t\n\n\t<div class=\"img has-hover x md-x lg-x y md-y lg-y\" id=\"image_33479693\">\n\t\t\t\t\t\t\t\t<div class=\"img-inner dark\" >\n\t\t\t<img loading=\"lazy\" decoding=\"async\" width=\"512\" height=\"512\" src=\"https:\/\/azu-uffenheim.de\/wp-content\/uploads\/2024\/12\/icon0001.jpg\" class=\"attachment-original size-original\" alt=\"icons\" srcset=\"https:\/\/azu-uffenheim.de\/wp-content\/uploads\/2024\/12\/icon0001.jpg 512w, https:\/\/azu-uffenheim.de\/wp-content\/uploads\/2024\/12\/icon0001-300x300.jpg 300w, https:\/\/azu-uffenheim.de\/wp-content\/uploads\/2024\/12\/icon0001-150x150.jpg 150w\" sizes=\"auto, (max-width: 512px) 100vw, 512px\" \/>\t\t\t\t\t\t\n\t\t\t\t\t<\/div>\n\t\t\t\t\t\t\t\t\n<style>\n#image_33479693 {\n  width: 100%;\n}\n<\/style>\n\t<\/div>\n\t\n\n\n\t\t<\/div>\n\t\t\t\t\t<\/div>\n\n\t\n\n<\/div>\n<div class=\"is-divider divider clearfix\" style=\"max-width:100%;height:10px;background-color:rgb(0, 72, 123);\"><\/div>\n\n\n\t\t<\/div>\n\t\t\t\t\t<\/div>\n\n\t\n\n<\/div>\n<div class=\"row\"  id=\"row-1986333696\">\n\n\n\t<div id=\"col-1629537846\" class=\"col small-12 large-12\"  >\n\t\t\t\t<div class=\"col-inner\"  >\n\t\t\t\n\t\t\t\n\n<h3 style=\"text-align: center;\"><strong><span class=\"h3inverse aos-init aos-animate\" style=\"color: #00487b; background-color: ;\" data-aos=\"fade-left\" data-aos-duration=\"1000\"> TH\u00c9RAPIE <\/span><\/strong><\/h3>\n<div class=\"row align-middle\"  id=\"row-1890542165\">\n\n\n\t<div id=\"col-1067341213\" class=\"col medium-4 small-12 large-4\"  data-animate=\"flipInY\">\n\t\t\t\t<div class=\"col-inner\"  >\n\t\t\t\n\t\t\t\n\n\t<div class=\"img has-hover x md-x lg-x y md-y lg-y\" id=\"image_608102137\">\n\t\t\t\t\t\t\t\t<div class=\"img-inner dark\" >\n\t\t\t<img loading=\"lazy\" decoding=\"async\" width=\"512\" height=\"512\" src=\"https:\/\/azu-uffenheim.de\/wp-content\/uploads\/2024\/12\/icon00003.png\" class=\"attachment-original size-original\" alt=\"icons\" srcset=\"https:\/\/azu-uffenheim.de\/wp-content\/uploads\/2024\/12\/icon00003.png 512w, https:\/\/azu-uffenheim.de\/wp-content\/uploads\/2024\/12\/icon00003-300x300.png 300w, https:\/\/azu-uffenheim.de\/wp-content\/uploads\/2024\/12\/icon00003-150x150.png 150w\" sizes=\"auto, (max-width: 512px) 100vw, 512px\" \/>\t\t\t\t\t\t\n\t\t\t\t\t<\/div>\n\t\t\t\t\t\t\t\t\n<style>\n#image_608102137 {\n  width: 100%;\n}\n<\/style>\n\t<\/div>\n\t\n\n\n\t\t<\/div>\n\t\t\t\t\t<\/div>\n\n\t\n\n\t<div id=\"col-1400739230\" class=\"col medium-8 small-12 large-8\"  >\n\t\t\t\t<div class=\"col-inner\"  >\n\t\t\t\n\t\t\t\n\n<p data-pm-slice=\"1 1 &#091;&#093;\"><span style=\"font-size: 75%; color: #000000;\">Nous proposons des traitements sur mesure pour une large gamme de d\u00e9fis de sant\u00e9. Cela inclut, entre autres, le traitement des plaies chroniques, l\u2019ajustement des m\u00e9dicaments et le suivi des patients diab\u00e9tiques. Notre objectif est de favoriser une gu\u00e9rison rapide, d\u2019optimiser l\u2019\u00e9volution du traitement et d\u2019am\u00e9liorer la qualit\u00e9 de vie gr\u00e2ce \u00e0 des th\u00e9rapies cibl\u00e9es et individualis\u00e9es.  <\/span><\/p>\n\n\t\t<\/div>\n\t\t\t\t\t<\/div>\n\n\t\n\n<\/div>\n\n\t\t<\/div>\n\t\t\t\t\t<\/div>\n\n\t\n\n<\/div>\n\n\t\t<\/div>\n\t\t\t\t\t<\/div>\n\n\t\n\n<\/div>\n\n\t\t<\/div>\n\n\t\t\n<style>\n#section_1544928093 {\n  padding-top: 100px;\n  padding-bottom: 100px;\n}\n#section_1544928093 .ux-shape-divider--top svg {\n  height: 150px;\n  --divider-top-width: 253%;\n}\n#section_1544928093 .ux-shape-divider--top .ux-shape-fill {\n  fill: #00a6de;\n}\n#section_1544928093 .ux-shape-divider--bottom svg {\n  height: 150px;\n  --divider-width: 246%;\n}\n#section_1544928093 .ux-shape-divider--bottom .ux-shape-fill {\n  fill: #00487b;\n}\n<\/style>\n\t<\/section>\n\t\n\n","protected":false},"excerpt":{"rendered":"","protected":false},"author":1,"featured_media":0,"parent":0,"menu_order":0,"comment_status":"closed","ping_status":"closed","template":"page-blank.php","meta":{"footnotes":""},"class_list":["post-1018","page","type-page","status-publish","hentry"],"yoast_head":"<!-- This site is optimized with the Yoast SEO plugin v27.4 - https:\/\/yoast.com\/product\/yoast-seo-wordpress\/ -->\n<title>LEISTUNGEN - azu-uffenheim.de<\/title>\n<meta name=\"robots\" content=\"index, follow, max-snippet:-1, max-image-preview:large, max-video-preview:-1\" \/>\n<link rel=\"canonical\" href=\"https:\/\/azu-uffenheim.de\/leistungen\/\" \/>\n<meta property=\"og:locale\" content=\"fr_FR\" \/>\n<meta property=\"og:type\" content=\"article\" \/>\n<meta property=\"og:title\" content=\"LEISTUNGEN - azu-uffenheim.de\" \/>\n<meta property=\"og:url\" content=\"https:\/\/azu-uffenheim.de\/leistungen\/\" \/>\n<meta property=\"og:site_name\" content=\"azu-uffenheim.de\" \/>\n<meta property=\"og:image\" content=\"https:\/\/azu-uffenheim.de\/wp-content\/uploads\/2024\/12\/cropped-favi.png\" \/>\n\t<meta property=\"og:image:width\" content=\"512\" \/>\n\t<meta property=\"og:image:height\" content=\"512\" \/>\n\t<meta property=\"og:image:type\" content=\"image\/png\" \/>\n<meta name=\"twitter:card\" content=\"summary_large_image\" \/>\n<meta name=\"twitter:label1\" content=\"Dur\u00e9e de lecture estim\u00e9e\" \/>\n\t<meta name=\"twitter:data1\" content=\"4 minutes\" \/>\n<script type=\"application\/ld+json\" class=\"yoast-schema-graph\">{\"@context\":\"https:\\\/\\\/schema.org\",\"@graph\":[{\"@type\":\"WebPage\",\"@id\":\"https:\\\/\\\/azu-uffenheim.de\\\/leistungen\\\/\",\"url\":\"https:\\\/\\\/azu-uffenheim.de\\\/leistungen\\\/\",\"name\":\"LEISTUNGEN - azu-uffenheim.de\",\"isPartOf\":{\"@id\":\"https:\\\/\\\/azu-uffenheim.de\\\/#website\"},\"datePublished\":\"2024-12-16T13:48:48+00:00\",\"breadcrumb\":{\"@id\":\"https:\\\/\\\/azu-uffenheim.de\\\/leistungen\\\/#breadcrumb\"},\"inLanguage\":\"fr-FR\",\"potentialAction\":[{\"@type\":\"ReadAction\",\"target\":[\"https:\\\/\\\/azu-uffenheim.de\\\/leistungen\\\/\"]}]},{\"@type\":\"BreadcrumbList\",\"@id\":\"https:\\\/\\\/azu-uffenheim.de\\\/leistungen\\\/#breadcrumb\",\"itemListElement\":[{\"@type\":\"ListItem\",\"position\":1,\"name\":\"\u0413\u043b\u0430\u0432\u043d\u0430\u044f \u0441\u0442\u0440\u0430\u043d\u0438\u0446\u0430\",\"item\":\"https:\\\/\\\/azu-uffenheim.de\\\/fr\\\/\"},{\"@type\":\"ListItem\",\"position\":2,\"name\":\"LEISTUNGEN\"}]},{\"@type\":\"WebSite\",\"@id\":\"https:\\\/\\\/azu-uffenheim.de\\\/#website\",\"url\":\"https:\\\/\\\/azu-uffenheim.de\\\/\",\"name\":\"azu-uffenheim.de\",\"description\":\"IHR MEDIZINISCHES  VERSORGUNGSZENTRUM IN UFFENHEIM\",\"publisher\":{\"@id\":\"https:\\\/\\\/azu-uffenheim.de\\\/#organization\"},\"potentialAction\":[{\"@type\":\"SearchAction\",\"target\":{\"@type\":\"EntryPoint\",\"urlTemplate\":\"https:\\\/\\\/azu-uffenheim.de\\\/?s={search_term_string}\"},\"query-input\":{\"@type\":\"PropertyValueSpecification\",\"valueRequired\":true,\"valueName\":\"search_term_string\"}}],\"inLanguage\":\"fr-FR\"},{\"@type\":\"Organization\",\"@id\":\"https:\\\/\\\/azu-uffenheim.de\\\/#organization\",\"name\":\"ZU \u00c4RZTEZENTRUM UFFENHEIM\",\"url\":\"https:\\\/\\\/azu-uffenheim.de\\\/\",\"logo\":{\"@type\":\"ImageObject\",\"inLanguage\":\"fr-FR\",\"@id\":\"https:\\\/\\\/azu-uffenheim.de\\\/#\\\/schema\\\/logo\\\/image\\\/\",\"url\":\"https:\\\/\\\/azu-uffenheim.de\\\/wp-content\\\/uploads\\\/2024\\\/12\\\/AZU_Logo_Farbig.png\",\"contentUrl\":\"https:\\\/\\\/azu-uffenheim.de\\\/wp-content\\\/uploads\\\/2024\\\/12\\\/AZU_Logo_Farbig.png\",\"width\":3143,\"height\":532,\"caption\":\"ZU \u00c4RZTEZENTRUM UFFENHEIM\"},\"image\":{\"@id\":\"https:\\\/\\\/azu-uffenheim.de\\\/#\\\/schema\\\/logo\\\/image\\\/\"}}]}<\/script>\n<!-- \/ Yoast SEO plugin. -->","yoast_head_json":{"title":"LEISTUNGEN - azu-uffenheim.de","robots":{"index":"index","follow":"follow","max-snippet":"max-snippet:-1","max-image-preview":"max-image-preview:large","max-video-preview":"max-video-preview:-1"},"canonical":"https:\/\/azu-uffenheim.de\/leistungen\/","og_locale":"fr_FR","og_type":"article","og_title":"LEISTUNGEN - azu-uffenheim.de","og_url":"https:\/\/azu-uffenheim.de\/leistungen\/","og_site_name":"azu-uffenheim.de","og_image":[{"width":512,"height":512,"url":"https:\/\/azu-uffenheim.de\/wp-content\/uploads\/2024\/12\/cropped-favi.png","type":"image\/png"}],"twitter_card":"summary_large_image","twitter_misc":{"Dur\u00e9e de lecture estim\u00e9e":"4 minutes"},"schema":{"@context":"https:\/\/schema.org","@graph":[{"@type":"WebPage","@id":"https:\/\/azu-uffenheim.de\/leistungen\/","url":"https:\/\/azu-uffenheim.de\/leistungen\/","name":"LEISTUNGEN - azu-uffenheim.de","isPartOf":{"@id":"https:\/\/azu-uffenheim.de\/#website"},"datePublished":"2024-12-16T13:48:48+00:00","breadcrumb":{"@id":"https:\/\/azu-uffenheim.de\/leistungen\/#breadcrumb"},"inLanguage":"fr-FR","potentialAction":[{"@type":"ReadAction","target":["https:\/\/azu-uffenheim.de\/leistungen\/"]}]},{"@type":"BreadcrumbList","@id":"https:\/\/azu-uffenheim.de\/leistungen\/#breadcrumb","itemListElement":[{"@type":"ListItem","position":1,"name":"\u0413\u043b\u0430\u0432\u043d\u0430\u044f \u0441\u0442\u0440\u0430\u043d\u0438\u0446\u0430","item":"https:\/\/azu-uffenheim.de\/fr\/"},{"@type":"ListItem","position":2,"name":"LEISTUNGEN"}]},{"@type":"WebSite","@id":"https:\/\/azu-uffenheim.de\/#website","url":"https:\/\/azu-uffenheim.de\/","name":"azu-uffenheim.de","description":"IHR MEDIZINISCHES  VERSORGUNGSZENTRUM IN UFFENHEIM","publisher":{"@id":"https:\/\/azu-uffenheim.de\/#organization"},"potentialAction":[{"@type":"SearchAction","target":{"@type":"EntryPoint","urlTemplate":"https:\/\/azu-uffenheim.de\/?s={search_term_string}"},"query-input":{"@type":"PropertyValueSpecification","valueRequired":true,"valueName":"search_term_string"}}],"inLanguage":"fr-FR"},{"@type":"Organization","@id":"https:\/\/azu-uffenheim.de\/#organization","name":"ZU \u00c4RZTEZENTRUM UFFENHEIM","url":"https:\/\/azu-uffenheim.de\/","logo":{"@type":"ImageObject","inLanguage":"fr-FR","@id":"https:\/\/azu-uffenheim.de\/#\/schema\/logo\/image\/","url":"https:\/\/azu-uffenheim.de\/wp-content\/uploads\/2024\/12\/AZU_Logo_Farbig.png","contentUrl":"https:\/\/azu-uffenheim.de\/wp-content\/uploads\/2024\/12\/AZU_Logo_Farbig.png","width":3143,"height":532,"caption":"ZU \u00c4RZTEZENTRUM UFFENHEIM"},"image":{"@id":"https:\/\/azu-uffenheim.de\/#\/schema\/logo\/image\/"}}]}},"_links":{"self":[{"href":"https:\/\/azu-uffenheim.de\/fr\/wp-json\/wp\/v2\/pages\/1018","targetHints":{"allow":["GET"]}}],"collection":[{"href":"https:\/\/azu-uffenheim.de\/fr\/wp-json\/wp\/v2\/pages"}],"about":[{"href":"https:\/\/azu-uffenheim.de\/fr\/wp-json\/wp\/v2\/types\/page"}],"author":[{"embeddable":true,"href":"https:\/\/azu-uffenheim.de\/fr\/wp-json\/wp\/v2\/users\/1"}],"replies":[{"embeddable":true,"href":"https:\/\/azu-uffenheim.de\/fr\/wp-json\/wp\/v2\/comments?post=1018"}],"version-history":[{"count":0,"href":"https:\/\/azu-uffenheim.de\/fr\/wp-json\/wp\/v2\/pages\/1018\/revisions"}],"wp:attachment":[{"href":"https:\/\/azu-uffenheim.de\/fr\/wp-json\/wp\/v2\/media?parent=1018"}],"curies":[{"name":"wp","href":"https:\/\/api.w.org\/{rel}","templated":true}]}}